{"id":20,"date":"2023-02-17T18:02:30","date_gmt":"2023-02-17T23:02:30","guid":{"rendered":"https:\/\/www.topadrenaline.com?page_id=20"},"modified":"2023-04-12T20:25:17","modified_gmt":"2023-04-13T01:25:17","slug":"informacion-viajero","status":"publish","type":"page","link":"https:\/\/www.topadrenaline.com\/es\/informacion-viajero\/","title":{"rendered":"Informaci\u00f3n del Viajero"},"content":{"rendered":"\t\t<div data-elementor-type=\"wp-page\" data-elementor-id=\"20\" class=\"elementor elementor-20\">\n\t\t\t\t\t\t<section class=\"elementor-section elementor-top-section elementor-element elementor-element-cc20830 elementor-section-full_width elementor-section-height-default elementor-section-height-default row-top\" data-id=\"cc20830\" data-element_type=\"section\" data-e-type=\"section\">\n\t\t\t\t\t\t<div class=\"elementor-container elementor-column-gap-no\">\n\t\t\t\t\t<div class=\"elementor-column elementor-col-100 elementor-top-column elementor-element elementor-element-6ab27b1\" data-id=\"6ab27b1\" data-element_type=\"column\" data-e-type=\"column\">\n\t\t\t<div class=\"elementor-widget-wrap elementor-element-populated\">\n\t\t\t\t\t\t<div class=\"elementor-element elementor-element-5bdea08 elementor-widget elementor-widget-gva_post_breadcrumb\" data-id=\"5bdea08\" data-element_type=\"widget\" data-e-type=\"widget\" data-widget_type=\"gva_post_breadcrumb.default\">\n\t\t\t\t<div class=\"elementor-widget-container\">\n\t\t\t\t\t<div class=\"gva-element-gva_post_breadcrumb gva-element\">   \r\n<div class=\"post-breadcrumb\">\r\n   <div class=\"custom-breadcrumb \" >\r\n            <div class=\"breadcrumb-main\">\r\n        <div class=\"container\">\r\n          <div class=\"breadcrumb-container-inner\">\r\n            <ol class=\"breadcrumb\"><li><a href=\"https:\/\/www.topadrenaline.com\/es\">Home<\/a> <\/li> <li class=\"active\">P\u00e1gina<\/li><\/ol>          <\/div>  \r\n        <\/div>   \r\n      <\/div>  \r\n   <\/div>\r\n<\/div>      \r\n\r\n<\/div>\t\t\t\t<\/div>\n\t\t\t\t<\/div>\n\t\t\t\t\t<\/div>\n\t\t<\/div>\n\t\t\t\t\t<\/div>\n\t\t<\/section>\n\t\t\t\t<section class=\"elementor-section elementor-top-section elementor-element elementor-element-ee7d613 elementor-section-boxed elementor-section-height-default elementor-section-height-default row-top\" data-id=\"ee7d613\" data-element_type=\"section\" data-e-type=\"section\">\n\t\t\t\t\t\t<div class=\"elementor-container elementor-column-gap-default\">\n\t\t\t\t\t<div class=\"elementor-column elementor-col-100 elementor-top-column elementor-element elementor-element-cf7005d\" data-id=\"cf7005d\" data-element_type=\"column\" data-e-type=\"column\">\n\t\t\t<div class=\"elementor-widget-wrap elementor-element-populated\">\n\t\t\t\t\t\t<div class=\"elementor-element elementor-element-15b85a3 elementor-widget elementor-widget-gva-heading-block\" data-id=\"15b85a3\" data-element_type=\"widget\" data-e-type=\"widget\" data-widget_type=\"gva-heading-block.default\">\n\t\t\t\t<div class=\"elementor-widget-container\">\n\t\t\t\t\t<div class=\"gva-element-gva-heading-block gva-element\">   <div class=\"align-center style-5 widget gsc-heading box-align-left auto-responsive\">\r\n      <div class=\"content-inner\">\r\n         \r\n                  \r\n           \r\n         \r\n                     <h2 class=\"title\">\r\n               <span>Informaci\u00f3n del Viajero<\/span>\r\n            <\/h2>\r\n                  \r\n         \r\n      <\/div>\r\n   <\/div>\r\n<\/div>\t\t\t\t<\/div>\n\t\t\t\t<\/div>\n\t\t\t\t\t<\/div>\n\t\t<\/div>\n\t\t\t\t\t<\/div>\n\t\t<\/section>\n\t\t\t\t<section class=\"elementor-section elementor-top-section elementor-element elementor-element-6f6f21f0 elementor-section-boxed elementor-section-height-default elementor-section-height-default row-top\" data-id=\"6f6f21f0\" data-element_type=\"section\" data-e-type=\"section\">\n\t\t\t\t\t\t<div class=\"elementor-container elementor-column-gap-default\">\n\t\t\t\t\t<div class=\"elementor-column elementor-col-50 elementor-top-column elementor-element elementor-element-160a7b4\" data-id=\"160a7b4\" data-element_type=\"column\" data-e-type=\"column\">\n\t\t\t<div class=\"elementor-widget-wrap elementor-element-populated\">\n\t\t\t\t\t\t<div class=\"elementor-element elementor-element-9df9c4a elementor-widget elementor-widget-text-editor\" data-id=\"9df9c4a\" data-element_type=\"widget\" data-e-type=\"widget\" data-widget_type=\"text-editor.default\">\n\t\t\t\t<div class=\"elementor-widget-container\">\n\t\t\t\t\t\t\t\t\t<h2><strong>ACERCA DE HUARAZ <\/strong><\/h2><p>Huaraz es la capital del Departamento de Ancash (Estado) y la Regi\u00f3n Chav\u00edn y tambi\u00e9n la capital de la escalada del Per\u00fa. Se encuentra en el Valle del R\u00edo Santa entre la Cordillera Blanca y Negro a 3200 msnm y a unos 400 km de Lima.<br \/><br \/>Dado que Huaraz es una hermosa ciudad en el coraz\u00f3n del Valle de Huaylas, se ha convertido en el punto de partida para muchos excursionistas y escaladores internacionales. Ofrece muchas actividades tur\u00edsticas atractivas y una gran cantidad de restos de las culturas que una vez gobernaron Per\u00fa y la mayor parte de Am\u00e9rica del Sur.<br \/><br \/>La ciudad de Huaraz es un punto necesario para ser visitado por todas aquellas personas amantes de los deportes de aventura en el Per\u00fa, desde esta ciudad se accede f\u00e1cilmente a los circuitos de trekking y a las monta\u00f1as para escalar en la Cordillera Blanca, Cordillera Huayhuash, el clima de Huaraz es c\u00e1lido y seco, las estaciones lluviosas son de octubre a abril, durante estos meses la temperatura var\u00eda entre 5 a 18 \u00baC; y de mayo a septiembre son meses secos que se considera como el &#8220;verano andino&#8221;, la temperatura promedio durante estos meses var\u00eda entre 6 a 26 \u00baC sin lluvia.<\/p>\t\t\t\t\t\t\t\t<\/div>\n\t\t\t\t<\/div>\n\t\t\t\t\t<\/div>\n\t\t<\/div>\n\t\t\t\t<div class=\"elementor-column elementor-col-50 elementor-top-column elementor-element elementor-element-3c1c117\" data-id=\"3c1c117\" data-element_type=\"column\" data-e-type=\"column\">\n\t\t\t<div class=\"elementor-widget-wrap elementor-element-populated\">\n\t\t\t\t\t\t<div class=\"elementor-element elementor-element-f0d888e elementor-widget elementor-widget-image\" data-id=\"f0d888e\" data-element_type=\"widget\" data-e-type=\"widget\" data-widget_type=\"image.default\">\n\t\t\t\t<div class=\"elementor-widget-container\">\n\t\t\t\t\t\t\t\t\t\t\t\t\t\t\t<img fetchpriority=\"high\" decoding=\"async\" width=\"816\" height=\"1024\" src=\"https:\/\/www.topadrenaline.com\/es\/wp-content\/uploads\/2023\/03\/Imagen-de-huaraz-816x1024.jpg\" class=\"attachment-large size-large wp-image-2425\" alt=\"\" srcset=\"https:\/\/www.topadrenaline.com\/es\/wp-content\/uploads\/2023\/03\/Imagen-de-huaraz-816x1024.jpg 816w, https:\/\/www.topadrenaline.com\/es\/wp-content\/uploads\/2023\/03\/Imagen-de-huaraz-239x300.jpg 239w, https:\/\/www.topadrenaline.com\/es\/wp-content\/uploads\/2023\/03\/Imagen-de-huaraz-768x964.jpg 768w, https:\/\/www.topadrenaline.com\/es\/wp-content\/uploads\/2023\/03\/Imagen-de-huaraz.jpg 1170w\" sizes=\"(max-width: 816px) 100vw, 816px\" \/>\t\t\t\t\t\t\t\t\t\t\t\t\t\t\t<\/div>\n\t\t\t\t<\/div>\n\t\t\t\t\t<\/div>\n\t\t<\/div>\n\t\t\t\t\t<\/div>\n\t\t<\/section>\n\t\t\t\t<section class=\"elementor-section elementor-top-section elementor-element elementor-element-abc4650 elementor-section-boxed elementor-section-height-default elementor-section-height-default row-top\" data-id=\"abc4650\" data-element_type=\"section\" data-e-type=\"section\">\n\t\t\t\t\t\t<div class=\"elementor-container elementor-column-gap-default\">\n\t\t\t\t\t<div class=\"elementor-column elementor-col-50 elementor-top-column elementor-element elementor-element-16d8528\" data-id=\"16d8528\" data-element_type=\"column\" data-e-type=\"column\">\n\t\t\t<div class=\"elementor-widget-wrap elementor-element-populated\">\n\t\t\t\t\t\t<div class=\"elementor-element elementor-element-15e1aa0 elementor-widget elementor-widget-image\" data-id=\"15e1aa0\" data-element_type=\"widget\" data-e-type=\"widget\" data-widget_type=\"image.default\">\n\t\t\t\t<div class=\"elementor-widget-container\">\n\t\t\t\t\t\t\t\t\t\t\t\t\t\t\t<img decoding=\"async\" width=\"829\" height=\"1024\" src=\"https:\/\/www.topadrenaline.com\/es\/wp-content\/uploads\/2023\/03\/Huayhuash-camping-829x1024.jpg\" class=\"attachment-large size-large wp-image-2604\" alt=\"\" srcset=\"https:\/\/www.topadrenaline.com\/es\/wp-content\/uploads\/2023\/03\/Huayhuash-camping-829x1024.jpg 829w, https:\/\/www.topadrenaline.com\/es\/wp-content\/uploads\/2023\/03\/Huayhuash-camping-243x300.jpg 243w, https:\/\/www.topadrenaline.com\/es\/wp-content\/uploads\/2023\/03\/Huayhuash-camping-768x949.jpg 768w, https:\/\/www.topadrenaline.com\/es\/wp-content\/uploads\/2023\/03\/Huayhuash-camping.jpg 946w\" sizes=\"(max-width: 829px) 100vw, 829px\" \/>\t\t\t\t\t\t\t\t\t\t\t\t\t\t\t<\/div>\n\t\t\t\t<\/div>\n\t\t\t\t\t<\/div>\n\t\t<\/div>\n\t\t\t\t<div class=\"elementor-column elementor-col-50 elementor-top-column elementor-element elementor-element-52e592c\" data-id=\"52e592c\" data-element_type=\"column\" data-e-type=\"column\">\n\t\t\t<div class=\"elementor-widget-wrap elementor-element-populated\">\n\t\t\t\t\t\t<div class=\"elementor-element elementor-element-b6568ac elementor-widget elementor-widget-text-editor\" data-id=\"b6568ac\" data-element_type=\"widget\" data-e-type=\"widget\" data-widget_type=\"text-editor.default\">\n\t\t\t\t<div class=\"elementor-widget-container\">\n\t\t\t\t\t\t\t\t\t<h2><strong>MAL DE MONTA\u00d1A<\/strong><\/h2><p>Lo que debe saber sobre el mal de altura. A veces las personas se enferman a grandes altitudes, como en las monta\u00f1as. Esto se llama mal de monta\u00f1a o mal de altura. Contrariamente a la creencia com\u00fan, no hay factores espec\u00edficos como la edad, el sexo o la condici\u00f3n f\u00edsica que se correlacionen con la susceptibilidad al mal de altura. Algunas personas lo contraen y otras no, y algunas personas son m\u00e1s susceptibles que otras. La falta de ox\u00edgeno causa mal de altura. A medida que aumenta la altitud, el aire se vuelve &#8220;m\u00e1s delgado&#8221;, lo que significa que hay menos ox\u00edgeno en la atm\u00f3sfera. Usted recibe menos ox\u00edgeno en los pulmones con cada respiraci\u00f3n, por lo que la cantidad de ox\u00edgeno en la sangre disminuye. Todas las personas pueden experimentar el mal de monta\u00f1a, pero puede ser m\u00e1s grave en personas que tienen problemas card\u00edacos o pulmonares. Los s\u00edntomas generalmente comienzan dentro de las 48 horas posteriores a la llegada a gran altura. Cuanto mayor sea la altitud, mayores ser\u00e1n los efectos. Las personas pueden notar efectos cuando van a una altitud de 2.500 a 3.000 metros. Si tiene una enfermedad card\u00edaca (como insuficiencia card\u00edaca) o una enfermedad pulmonar (como enfisema), es posible que tenga s\u00edntomas en altitudes m\u00e1s bajas.<\/p><p>Los s\u00edntomas incluyen: dolores de cabeza, dificultad para respirar, fatiga, n\u00e1useas o v\u00f3mitos, incapacidad para dormir, hinchaz\u00f3n de la cara, manos y pies.<\/p><p>Tanto la frecuencia card\u00edaca como la frecuencia respiratoria aumentan a medida que el cuerpo intenta enviar m\u00e1s ox\u00edgeno a sus tejidos. A altitudes muy altas, el l\u00edquido corporal puede filtrarse al cerebro (llamado edema cerebral) o a los pulmones (edema pulmonar). Ambas condiciones pueden ser graves o incluso potencialmente mortales. La mejor manera de evitar o disminuir los efectos del mal de monta\u00f1a es aumentar la altitud lentamente. Los escaladores y excursionistas pueden tardar dos d\u00edas en alcanzar los 8,000 pies, y luego otro d\u00eda por cada metro de 300 a 500 metros m\u00e1s altos. Esto puede no ser una opci\u00f3n para las personas que viajan a un destino a gran altura. La mayor\u00eda de las personas pueden adaptarse o &#8220;aclimatarse&#8221; a la gran altitud en unos pocos d\u00edas. Actividades cortas en la Regi\u00f3n Huaraz.<\/p>\t\t\t\t\t\t\t\t<\/div>\n\t\t\t\t<\/div>\n\t\t\t\t\t<\/div>\n\t\t<\/div>\n\t\t\t\t\t<\/div>\n\t\t<\/section>\n\t\t\t\t<section class=\"elementor-section elementor-top-section elementor-element elementor-element-262266b elementor-section-boxed elementor-section-height-default elementor-section-height-default row-top\" data-id=\"262266b\" data-element_type=\"section\" data-e-type=\"section\">\n\t\t\t\t\t\t<div class=\"elementor-container elementor-column-gap-default\">\n\t\t\t\t\t<div class=\"elementor-column elementor-col-100 elementor-top-column elementor-element elementor-element-4f91c5b\" data-id=\"4f91c5b\" data-element_type=\"column\" data-e-type=\"column\">\n\t\t\t<div class=\"elementor-widget-wrap elementor-element-populated\">\n\t\t\t\t\t\t<div class=\"elementor-element elementor-element-87d3437 elementor-widget elementor-widget-text-editor\" data-id=\"87d3437\" data-element_type=\"widget\" data-e-type=\"widget\" data-widget_type=\"text-editor.default\">\n\t\t\t\t<div class=\"elementor-widget-container\">\n\t\t\t\t\t\t\t\t\t<h2><strong>CONDICIONES CLIM\u00c1TICAS<\/strong><\/h2><p>Las condiciones clim\u00e1ticas en Per\u00fa &#8211; Huaraz, la Sierra es una zona monta\u00f1osa del pa\u00eds que se extiende de norte a sur en las zonas media y alta de la cordillera de los Andes. Dentro de la geograf\u00eda del Per\u00fa constituye una regi\u00f3n natural. Limita al oeste con la regi\u00f3n de la Costa y al este con el Bosque. Al norte tiene continuidad con la Regi\u00f3n Interandina del Ecuador y al sur con la Regi\u00f3n Andina de Bolivia y Chile. Por esa raz\u00f3n las condiciones clim\u00e1ticas en la ciudad de Huaraz en los 3200 metros son diferente a cualquier regi\u00f3n del pa\u00eds.<\/p><p style=\"text-align: center;\"><strong><em>Abril a octubre: La estaci\u00f3n seca de la Cordillera ofrece las mejores condiciones de trekking y escalada<\/em><\/strong><\/p><p>La estaci\u00f3n seca est\u00e1 marcada por d\u00edas claros y soleados y noches fr\u00edas debido a la falta de nubes. Esto tambi\u00e9n hace que sea la mejor temporada para practicar senderismo y escalada, ya que las vistas se vuelven a\u00fan m\u00e1s espectaculares y los cielos nocturnos se llenan de estrellas. La lluvia puede ocurrir, pero es muy limitada y se concentra principalmente por la noche en esta temporada. Al final de la estaci\u00f3n seca, la vegetaci\u00f3n puede volverse algo m\u00e1s marr\u00f3n ya que la sequ\u00eda ha tenido su precio. Durante el d\u00eda puedes esperar cielos azules casi todo el tiempo. Como estamos cerca del ecuador y muy arriba, el sol puede ser muy fuerte as\u00ed que siempre traigamos protector solar, un sombrero y gafas de sol. Es c\u00f3modo caminar en pantalones cortos y camiseta. Sin embargo, cuando entra el sol, puede enfriarse muy r\u00e1pidamente, as\u00ed que siempre tenga a mano una chaqueta abrigada, un forro polar y pantalones largos. Tambi\u00e9n necesita un buen saco de dormir de 4 estaciones por la noche y una chaqueta abrigada, sombrero de lana y bufanda.<\/p><p style=\"text-align: center;\"><strong><em>Diciembre: Un ambiente relajado de postemporada.<\/em><\/strong><\/p><p>Algunos a\u00f1os la lluvia puede comenzar tan pronto como octubre. Sin embargo, por lo general, solo tenemos un par de fuertes lluvias cada semana y el resto del tiempo hace sol o est\u00e1 nublado. La lluvia dura un par de horas y se seca bastante r\u00e1pido. Un buen equipo para la lluvia es:<\/p><p style=\"text-align: center;\"><strong><em>Enero a marzo: H\u00famedo y lluvioso, pero los excursionistas adecuadamente equipados disfrutan del silencio.<\/em><\/strong><\/p>\t\t\t\t\t\t\t\t<\/div>\n\t\t\t\t<\/div>\n\t\t\t\t<div class=\"elementor-element elementor-element-740f4b0 elementor-widget elementor-widget-image\" data-id=\"740f4b0\" data-element_type=\"widget\" data-e-type=\"widget\" data-widget_type=\"image.default\">\n\t\t\t\t<div class=\"elementor-widget-container\">\n\t\t\t\t\t\t\t\t\t\t\t\t\t\t\t<img decoding=\"async\" width=\"1920\" height=\"322\" src=\"https:\/\/www.topadrenaline.com\/es\/wp-content\/uploads\/2023\/03\/Cordillera-Blanca.jpg\" class=\"attachment-full size-full wp-image-2075\" alt=\"\" srcset=\"https:\/\/www.topadrenaline.com\/es\/wp-content\/uploads\/2023\/03\/Cordillera-Blanca.jpg 1920w, https:\/\/www.topadrenaline.com\/es\/wp-content\/uploads\/2023\/03\/Cordillera-Blanca-300x50.jpg 300w, https:\/\/www.topadrenaline.com\/es\/wp-content\/uploads\/2023\/03\/Cordillera-Blanca-1024x172.jpg 1024w, https:\/\/www.topadrenaline.com\/es\/wp-content\/uploads\/2023\/03\/Cordillera-Blanca-768x129.jpg 768w\" sizes=\"(max-width: 1920px) 100vw, 1920px\" \/>\t\t\t\t\t\t\t\t\t\t\t\t\t\t\t<\/div>\n\t\t\t\t<\/div>\n\t\t\t\t<div class=\"elementor-element elementor-element-e57020b elementor-widget elementor-widget-text-editor\" data-id=\"e57020b\" data-element_type=\"widget\" data-e-type=\"widget\" data-widget_type=\"text-editor.default\">\n\t\t\t\t<div class=\"elementor-widget-container\">\n\t\t\t\t\t\t\t\t\t<p>En la estaci\u00f3n h\u00fameda, el clima de Huaraz es como era de esperar es bastante h\u00famedo. Al comienzo de la estaci\u00f3n h\u00fameda esto ser\u00e1 principalmente durante el d\u00eda, pero en enero y febrero estas lluvias pueden durar casi todo el d\u00eda. Al principio y al final de la temporada de lluvias, el sol brilla a menudo y las vistas pueden ser igualmente espectaculares debido a las nubes que juegan a trav\u00e9s de los picos m\u00e1s altos. En esta temporada las noches son menos fr\u00edas, pero debido a la lluvia las temperaturas pueden bajar r\u00e1pidamente de vez en cuando. La estaci\u00f3n h\u00fameda puede durar hasta finales de marzo. Enero, febrero y marzo est\u00e1n en el apogeo de la estaci\u00f3n h\u00fameda. Durante estos meses puede esperar lluvia en cualquier momento. Traiga buena ropa impermeable, empaque su saco de dormir dentro de varias bolsas de pl\u00e1stico y traiga protector solar y un buen sombrero. De hecho, prep\u00e1rese para casi las cuatro estaciones en un d\u00eda. Huaraz es generalmente muy tranquilo durante estos meses.<\/p>\t\t\t\t\t\t\t\t<\/div>\n\t\t\t\t<\/div>\n\t\t\t\t\t<\/div>\n\t\t<\/div>\n\t\t\t\t\t<\/div>\n\t\t<\/section>\n\t\t\t\t<section class=\"elementor-section elementor-top-section elementor-element elementor-element-508363d elementor-section-boxed elementor-section-height-default elementor-section-height-default row-top\" data-id=\"508363d\" data-element_type=\"section\" data-e-type=\"section\">\n\t\t\t\t\t\t<div class=\"elementor-container elementor-column-gap-default\">\n\t\t\t\t\t<div class=\"elementor-column elementor-col-100 elementor-top-column elementor-element elementor-element-0ffcf53\" data-id=\"0ffcf53\" data-element_type=\"column\" data-e-type=\"column\">\n\t\t\t<div class=\"elementor-widget-wrap\">\n\t\t\t\t\t\t\t<\/div>\n\t\t<\/div>\n\t\t\t\t\t<\/div>\n\t\t<\/section>\n\t\t\t\t<\/div>\n\t\t","protected":false},"excerpt":{"rendered":"<p>Home P\u00e1gina Informaci\u00f3n del Viajero ACERCA DE HUARAZ Huaraz es la capital del Departamento de Ancash (Estado) y la Regi\u00f3n Chav\u00edn y tambi\u00e9n la capital de la escalada del Per\u00fa. Se encuentra en el Valle del R\u00edo Santa entre la Cordillera Blanca y Negro a 3200 msnm y a unos 400 km de Lima. Dado [&hellip;]<\/p>\n","protected":false},"author":1,"featured_media":0,"parent":0,"menu_order":0,"comment_status":"closed","ping_status":"closed","template":"","meta":{"footnotes":""},"class_list":["post-20","page","type-page","status-publish","hentry"],"_links":{"self":[{"href":"https:\/\/www.topadrenaline.com\/es\/wp-json\/wp\/v2\/pages\/20","targetHints":{"allow":["GET"]}}],"collection":[{"href":"https:\/\/www.topadrenaline.com\/es\/wp-json\/wp\/v2\/pages"}],"about":[{"href":"https:\/\/www.topadrenaline.com\/es\/wp-json\/wp\/v2\/types\/page"}],"author":[{"embeddable":true,"href":"https:\/\/www.topadrenaline.com\/es\/wp-json\/wp\/v2\/users\/1"}],"replies":[{"embeddable":true,"href":"https:\/\/www.topadrenaline.com\/es\/wp-json\/wp\/v2\/comments?post=20"}],"version-history":[{"count":0,"href":"https:\/\/www.topadrenaline.com\/es\/wp-json\/wp\/v2\/pages\/20\/revisions"}],"wp:attachment":[{"href":"https:\/\/www.topadrenaline.com\/es\/wp-json\/wp\/v2\/media?parent=20"}],"curies":[{"name":"wp","href":"https:\/\/api.w.org\/{rel}","templated":true}]}}