{"id":2775,"date":"2023-03-30T19:46:13","date_gmt":"2023-03-31T00:46:13","guid":{"rendered":"https:\/\/www.topadrenaline.com\/?page_id=2775"},"modified":"2025-02-28T12:50:27","modified_gmt":"2025-02-28T17:50:27","slug":"turismo-emprende","status":"publish","type":"page","link":"https:\/\/www.topadrenaline.com\/es\/turismo-emprende\/","title":{"rendered":"Turismo Emprende"},"content":{"rendered":"\t\t<div data-elementor-type=\"wp-page\" data-elementor-id=\"2775\" class=\"elementor elementor-2775\">\n\t\t\t\t\t\t<section class=\"elementor-section elementor-top-section elementor-element elementor-element-53c9140 elementor-section-boxed elementor-section-height-default elementor-section-height-default row-top\" data-id=\"53c9140\" data-element_type=\"section\" data-e-type=\"section\">\n\t\t\t\t\t\t<div class=\"elementor-container elementor-column-gap-default\">\n\t\t\t\t\t<div class=\"elementor-column elementor-col-66 elementor-top-column elementor-element elementor-element-f45246b\" data-id=\"f45246b\" data-element_type=\"column\" data-e-type=\"column\">\n\t\t\t<div class=\"elementor-widget-wrap elementor-element-populated\">\n\t\t\t\t\t\t<div class=\"elementor-element elementor-element-c10d16a elementor-widget elementor-widget-text-editor\" data-id=\"c10d16a\" data-element_type=\"widget\" data-e-type=\"widget\" data-widget_type=\"text-editor.default\">\n\t\t\t\t<div class=\"elementor-widget-container\">\n\t\t\t\t\t\t\t\t\tNuestro proyecto <strong>\u201cLa Ruta del quenual\u201d<\/strong> se basa en el ascenso en uno de los picos nevados de la cordillera blanca m\u00e1s accesible, llamado <strong>\u201cMateo\u201d<\/strong> ubicado en la <strong>Quebrada Ulta<\/strong>, pero con un concepto de concientizaci\u00f3n no s\u00f3lo ambiental si no tambi\u00e9n de incidencia cultural, en el cual el turista podr\u00e1 realizar diferentes actividades, lo cual le permitir\u00e1 valorar el territorio visitado y apreciar de cerca la incidencia del \u00e1rea natural protegida en las comunidades receptoras.\n\nEs as\u00ed que dentro del recorrido, el cual durar\u00e1 dos d\u00edas se realizar\u00e1n actividades desde el primer d\u00eda en la <strong>comunidad de Shilla<\/strong> ubicada en la <strong>Provincia de Carhuaz<\/strong>, las cuales constar\u00e1n\u00a0\u00a0 de actividades \u00a0de aprendizaje de conocer y podr\u00e1n ver sus costumbres, para finalizar con el pernocte en la comunidad al aire libre en carpas adecuadas al clima.\n\n<iframe width=\"560\" height=\"315\" src=\"https:\/\/www.youtube.com\/embed\/E_NRnleTodo?si=JmOl-nCK2nq05FEg\" title=\"YouTube video player\" frameborder=\"0\" allow=\"accelerometer; autoplay; clipboard-write; encrypted-media; gyroscope; picture-in-picture; web-share\" referrerpolicy=\"strict-origin-when-cross-origin\" allowfullscreen><\/iframe>\t\t\t\t\t\t\t\t<\/div>\n\t\t\t\t<\/div>\n\t\t\t\t\t<\/div>\n\t\t<\/div>\n\t\t\t\t<div class=\"elementor-column elementor-col-33 elementor-top-column elementor-element elementor-element-640a45d\" data-id=\"640a45d\" data-element_type=\"column\" data-e-type=\"column\">\n\t\t\t<div class=\"elementor-widget-wrap elementor-element-populated\">\n\t\t\t\t\t\t<div class=\"elementor-element elementor-element-461a773 elementor-widget elementor-widget-elementskit-image-hover-effect\" data-id=\"461a773\" data-element_type=\"widget\" data-e-type=\"widget\" data-widget_type=\"elementskit-image-hover-effect.default\">\n\t\t\t\t<div class=\"elementor-widget-container\">\n\t\t\t\t\t<div class=\"ekit-wid-con\" >\t\t\t<div class=\"ekit_image_hover\">\n\t\t\t\t<div class=\"ekit_creative_image_hover ekit_image_border_reveal ekit_image_border_reveal_horizontal\">\n\t\t\t\t\t<div class=\"ekit_overlay_inner\"><\/div>\n\t\t\t\t\t\t\t\t\t\t<div class=\"ekit_image_caption ekit_text_none  elementor-animation-shrink\" >\n\t\t\t\t\t\t<h2 class=\"ekit_image_caption_title   \" data-settings=\"{&quot;_animation&quot;:&quot;&quot;}\">\n\t\t\t\t\t\t\tPROYECTO\t\t\t\t\t\t<\/h2>\n\t\t\t\t\t\t<p class=\"ekit_image_caption_description   \" data-settings=\"{&quot;_animation&quot;:&quot;&quot;}\">\n\t\t\t\t\t\t\tLa Ruta del Quenual\t\t\t\t\t\t<\/p>\n\t\t\t\t\t\t\t\t\n\t\t\t\t\t<\/div>\t\t\t\n\t\t\t\t<\/div>\n\t\t\t\t<img fetchpriority=\"high\" decoding=\"async\" width=\"1179\" height=\"1353\" src=\"https:\/\/www.topadrenaline.com\/es\/wp-content\/uploads\/2024\/10\/Turismo-Emprende-Mateo-1.jpg\" class=\"attachment-full size-full wp-image-3270\" alt=\"Turismo Emprende\" srcset=\"https:\/\/www.topadrenaline.com\/es\/wp-content\/uploads\/2024\/10\/Turismo-Emprende-Mateo-1.jpg 1179w, https:\/\/www.topadrenaline.com\/es\/wp-content\/uploads\/2024\/10\/Turismo-Emprende-Mateo-1-892x1024.jpg 892w, https:\/\/www.topadrenaline.com\/es\/wp-content\/uploads\/2024\/10\/Turismo-Emprende-Mateo-1-768x881.jpg 768w\" sizes=\"(max-width: 1179px) 100vw, 1179px\" \/>\t\t\t<\/div>\n\t\t<\/div>\t\t\t\t<\/div>\n\t\t\t\t<\/div>\n\t\t\t\t\t<\/div>\n\t\t<\/div>\n\t\t\t\t\t<\/div>\n\t\t<\/section>\n\t\t\t\t<section class=\"elementor-section elementor-top-section elementor-element elementor-element-1517b6e elementor-section-boxed elementor-section-height-default elementor-section-height-default row-top\" data-id=\"1517b6e\" data-element_type=\"section\" data-e-type=\"section\">\n\t\t\t\t\t\t<div class=\"elementor-container elementor-column-gap-default\">\n\t\t\t\t\t<div class=\"elementor-column elementor-col-33 elementor-top-column elementor-element elementor-element-2fee80f\" data-id=\"2fee80f\" data-element_type=\"column\" data-e-type=\"column\">\n\t\t\t<div class=\"elementor-widget-wrap elementor-element-populated\">\n\t\t\t\t\t\t<div class=\"elementor-element elementor-element-35be533 elementor-arrows-position-inside elementor-pagination-position-outside elementor-widget elementor-widget-image-carousel\" data-id=\"35be533\" data-element_type=\"widget\" data-e-type=\"widget\" data-settings=\"{&quot;slides_to_show&quot;:&quot;1&quot;,&quot;navigation&quot;:&quot;both&quot;,&quot;autoplay&quot;:&quot;yes&quot;,&quot;pause_on_hover&quot;:&quot;yes&quot;,&quot;pause_on_interaction&quot;:&quot;yes&quot;,&quot;autoplay_speed&quot;:5000,&quot;infinite&quot;:&quot;yes&quot;,&quot;effect&quot;:&quot;slide&quot;,&quot;speed&quot;:500}\" data-widget_type=\"image-carousel.default\">\n\t\t\t\t<div class=\"elementor-widget-container\">\n\t\t\t\t\t\t\t<div class=\"elementor-image-carousel-wrapper swiper\" role=\"region\" aria-roledescription=\"carousel\" aria-label=\"Carrusel de im\u00e1genes\" dir=\"ltr\">\n\t\t\t<div class=\"elementor-image-carousel swiper-wrapper\" aria-live=\"off\">\n\t\t\t\t\t\t\t\t<div class=\"swiper-slide\" role=\"group\" aria-roledescription=\"slide\" aria-label=\"1 de 4\"><figure class=\"swiper-slide-inner\"><img decoding=\"async\" class=\"swiper-slide-image\" src=\"https:\/\/www.topadrenaline.com\/es\/wp-content\/uploads\/2024\/10\/Ruta-Quenual-Mateo-3-768x958.jpg\" alt=\"Ruta Quenual Mateo 3\" \/><\/figure><\/div><div class=\"swiper-slide\" role=\"group\" aria-roledescription=\"slide\" aria-label=\"2 de 4\"><figure class=\"swiper-slide-inner\"><img decoding=\"async\" class=\"swiper-slide-image\" src=\"https:\/\/www.topadrenaline.com\/es\/wp-content\/uploads\/2024\/10\/Ruta-Quenual-Mateo-2-768x880.jpg\" alt=\"Ruta Quenual - Mateo 2\" \/><\/figure><\/div><div class=\"swiper-slide\" role=\"group\" aria-roledescription=\"slide\" aria-label=\"3 de 4\"><figure class=\"swiper-slide-inner\"><img decoding=\"async\" class=\"swiper-slide-image\" src=\"https:\/\/www.topadrenaline.com\/es\/wp-content\/uploads\/2024\/10\/Ruta-del-Quenual-Turismo-Emprende-Mateo-4-768x952.jpg\" alt=\"Ruta del Quenual - Turismo Emprende\" \/><\/figure><\/div><div class=\"swiper-slide\" role=\"group\" aria-roledescription=\"slide\" aria-label=\"4 de 4\"><figure class=\"swiper-slide-inner\"><img decoding=\"async\" class=\"swiper-slide-image\" src=\"https:\/\/www.topadrenaline.com\/es\/wp-content\/uploads\/2024\/10\/Ruta-del-Quenual-Turismo-Emprende-Mateo-5-768x953.jpg\" alt=\"Ruta del Quenual - Turismo Emprende Mateo 5\" \/><\/figure><\/div>\t\t\t<\/div>\n\t\t\t\t\t\t\t\t\t\t\t\t<div class=\"elementor-swiper-button elementor-swiper-button-prev\" role=\"button\" tabindex=\"0\">\n\t\t\t\t\t\t<i aria-hidden=\"true\" class=\"eicon-chevron-left\"><\/i>\t\t\t\t\t<\/div>\n\t\t\t\t\t<div class=\"elementor-swiper-button elementor-swiper-button-next\" role=\"button\" tabindex=\"0\">\n\t\t\t\t\t\t<i aria-hidden=\"true\" class=\"eicon-chevron-right\"><\/i>\t\t\t\t\t<\/div>\n\t\t\t\t\n\t\t\t\t\t\t\t\t\t<div class=\"swiper-pagination\"><\/div>\n\t\t\t\t\t\t\t\t\t<\/div>\n\t\t\t\t\t\t<\/div>\n\t\t\t\t<\/div>\n\t\t\t\t\t<\/div>\n\t\t<\/div>\n\t\t\t\t<div class=\"elementor-column elementor-col-66 elementor-top-column elementor-element elementor-element-1b5d701\" data-id=\"1b5d701\" data-element_type=\"column\" data-e-type=\"column\">\n\t\t\t<div class=\"elementor-widget-wrap elementor-element-populated\">\n\t\t\t\t\t\t<div class=\"elementor-element elementor-element-d185ada elementor-widget elementor-widget-text-editor\" data-id=\"d185ada\" data-element_type=\"widget\" data-e-type=\"widget\" data-widget_type=\"text-editor.default\">\n\t\t\t\t<div class=\"elementor-widget-container\">\n\t\t\t\t\t\t\t\t\t<p>Al segundo d\u00eda nos prepararemos con los equipos adecuados para el ascenso al <strong>nevado Mateo<\/strong>. Comenzaremos con la sensibilizaci\u00f3n ambiental por lo que a trav\u00e9s de nuestro equipo conocer\u00e1n el significado de la importancia del <strong>Quenual (polylepis racemosa)<\/strong> el cual es una de las especies de flora que conserva el <strong>Parque Nacional Huascar\u00e1n<\/strong> siendo desde tiempos ancestrales, la clave para proteger las cabeceras de cuencas adem\u00e1s de ser el h\u00e1bitat que necesita la biodiversidad de los bosques y humedales andinos, flora que podr\u00e1n apreciar y la vez valorar en el recorrido.<\/p><p>Luego de equiparnos y vestirnos adecuadamente realizaremos el trekking al <strong>Nevado Mateo<\/strong>, con la asistencia de nuestros profesionales para ascender a la cumbre.<\/p><p>Desde la cumbre podremos disfrutar de maravillosas vistas de las monta\u00f1as de la Cordillera Blanca: <strong>Huascar\u00e1n Sur y Norte, Chopicalqui, Ulta, Contrahierbas, Chacraraju y las hermosas lagunas Cancarac\u00e1 y Shulla.<\/strong><\/p>\t\t\t\t\t\t\t\t<\/div>\n\t\t\t\t<\/div>\n\t\t\t\t\t<\/div>\n\t\t<\/div>\n\t\t\t\t\t<\/div>\n\t\t<\/section>\n\t\t\t\t<section class=\"elementor-section elementor-top-section elementor-element elementor-element-2d7e69d elementor-section-boxed elementor-section-height-default elementor-section-height-default row-top\" data-id=\"2d7e69d\" data-element_type=\"section\" data-e-type=\"section\">\n\t\t\t\t\t\t<div class=\"elementor-container elementor-column-gap-default\">\n\t\t\t\t\t<div class=\"elementor-column elementor-col-100 elementor-top-column elementor-element elementor-element-58ee025\" data-id=\"58ee025\" data-element_type=\"column\" data-e-type=\"column\">\n\t\t\t<div class=\"elementor-widget-wrap elementor-element-populated\">\n\t\t\t\t\t\t<div class=\"elementor-element elementor-element-9c30752 elementor-widget elementor-widget-text-editor\" data-id=\"9c30752\" data-element_type=\"widget\" data-e-type=\"widget\" data-widget_type=\"text-editor.default\">\n\t\t\t\t<div class=\"elementor-widget-container\">\n\t\t\t\t\t\t\t\t\t<p><strong>Top Adrenaline<\/strong> cuenta con una propuesta viable y adecuada a las tendencias de viaje en el mundo combinando no s\u00f3lo sostenibilidad ambiental sino tambi\u00e9n cultural, creando empleo y econom\u00eda a la comunidad receptora y a la gran cantidad de mujeres que se dedican principalmente a las actividades propuestas dentro del proyecto, la cual empodera su rol como mujer generando bienestar en sus familias y para la regi\u00f3n.<\/p>\t\t\t\t\t\t\t\t<\/div>\n\t\t\t\t<\/div>\n\t\t\t\t\t<\/div>\n\t\t<\/div>\n\t\t\t\t\t<\/div>\n\t\t<\/section>\n\t\t\t\t<section class=\"elementor-section elementor-top-section elementor-element elementor-element-1e04895 elementor-section-boxed elementor-section-height-default elementor-section-height-default row-top\" data-id=\"1e04895\" data-element_type=\"section\" data-e-type=\"section\">\n\t\t\t\t\t\t<div class=\"elementor-container elementor-column-gap-default\">\n\t\t\t\t\t<div class=\"elementor-column elementor-col-33 elementor-top-column elementor-element elementor-element-a69aa39\" data-id=\"a69aa39\" data-element_type=\"column\" data-e-type=\"column\">\n\t\t\t<div class=\"elementor-widget-wrap elementor-element-populated\">\n\t\t\t\t\t\t<div class=\"elementor-element elementor-element-8e474ff elementor-widget elementor-widget-image\" data-id=\"8e474ff\" data-element_type=\"widget\" data-e-type=\"widget\" data-widget_type=\"image.default\">\n\t\t\t\t<div class=\"elementor-widget-container\">\n\t\t\t\t\t\t\t\t\t\t\t\t<figure class=\"wp-caption\">\n\t\t\t\t\t\t\t\t\t\t<img decoding=\"async\" width=\"900\" height=\"506\" src=\"https:\/\/www.topadrenaline.com\/es\/wp-content\/uploads\/2024\/10\/Ruta-Quenual-Turismo-Emprende-2-1024x576.jpg\" class=\"attachment-large size-large wp-image-3274\" alt=\"Distrito de Shilla\" srcset=\"https:\/\/www.topadrenaline.com\/es\/wp-content\/uploads\/2024\/10\/Ruta-Quenual-Turismo-Emprende-2-1024x576.jpg 1024w, https:\/\/www.topadrenaline.com\/es\/wp-content\/uploads\/2024\/10\/Ruta-Quenual-Turismo-Emprende-2-768x432.jpg 768w, https:\/\/www.topadrenaline.com\/es\/wp-content\/uploads\/2024\/10\/Ruta-Quenual-Turismo-Emprende-2.jpg 2000w\" sizes=\"(max-width: 900px) 100vw, 900px\" \/>\t\t\t\t\t\t\t\t\t\t\t<figcaption class=\"widget-image-caption wp-caption-text\">Vista a\u00e9rea del distrito de Shilla<\/figcaption>\n\t\t\t\t\t\t\t\t\t\t<\/figure>\n\t\t\t\t\t\t\t\t\t<\/div>\n\t\t\t\t<\/div>\n\t\t\t\t\t<\/div>\n\t\t<\/div>\n\t\t\t\t<div class=\"elementor-column elementor-col-33 elementor-top-column elementor-element elementor-element-766d74a\" data-id=\"766d74a\" data-element_type=\"column\" data-e-type=\"column\">\n\t\t\t<div class=\"elementor-widget-wrap elementor-element-populated\">\n\t\t\t\t\t\t<div class=\"elementor-element elementor-element-9ad2c43 elementor-widget elementor-widget-image\" data-id=\"9ad2c43\" data-element_type=\"widget\" data-e-type=\"widget\" data-widget_type=\"image.default\">\n\t\t\t\t<div class=\"elementor-widget-container\">\n\t\t\t\t\t\t\t\t\t\t\t\t<figure class=\"wp-caption\">\n\t\t\t\t\t\t\t\t\t\t<img decoding=\"async\" width=\"900\" height=\"600\" src=\"https:\/\/www.topadrenaline.com\/es\/wp-content\/uploads\/2024\/10\/Ruta-Quenual-Turismo-Emprende-1-1024x683.jpg\" class=\"attachment-large size-large wp-image-3273\" alt=\"Plaza de Armas del distrito de Shilla\" srcset=\"https:\/\/www.topadrenaline.com\/es\/wp-content\/uploads\/2024\/10\/Ruta-Quenual-Turismo-Emprende-1-1024x683.jpg 1024w, https:\/\/www.topadrenaline.com\/es\/wp-content\/uploads\/2024\/10\/Ruta-Quenual-Turismo-Emprende-1-768x512.jpg 768w, https:\/\/www.topadrenaline.com\/es\/wp-content\/uploads\/2024\/10\/Ruta-Quenual-Turismo-Emprende-1.jpg 2048w\" sizes=\"(max-width: 900px) 100vw, 900px\" \/>\t\t\t\t\t\t\t\t\t\t\t<figcaption class=\"widget-image-caption wp-caption-text\">Plaza de Armas del distrito de Shilla<\/figcaption>\n\t\t\t\t\t\t\t\t\t\t<\/figure>\n\t\t\t\t\t\t\t\t\t<\/div>\n\t\t\t\t<\/div>\n\t\t\t\t\t<\/div>\n\t\t<\/div>\n\t\t\t\t<div class=\"elementor-column elementor-col-33 elementor-top-column elementor-element elementor-element-94db486\" data-id=\"94db486\" data-element_type=\"column\" data-e-type=\"column\">\n\t\t\t<div class=\"elementor-widget-wrap elementor-element-populated\">\n\t\t\t\t\t\t<div class=\"elementor-element elementor-element-2486702 elementor-widget elementor-widget-image\" data-id=\"2486702\" data-element_type=\"widget\" data-e-type=\"widget\" data-widget_type=\"image.default\">\n\t\t\t\t<div class=\"elementor-widget-container\">\n\t\t\t\t\t\t\t\t\t\t\t\t<figure class=\"wp-caption\">\n\t\t\t\t\t\t\t\t\t\t<img loading=\"lazy\" decoding=\"async\" width=\"900\" height=\"506\" src=\"https:\/\/www.topadrenaline.com\/es\/wp-content\/uploads\/2024\/10\/Ruta-Quenual-Turismo-Emprende-3-1024x576.jpg\" class=\"attachment-large size-large wp-image-3275\" alt=\"\" srcset=\"https:\/\/www.topadrenaline.com\/es\/wp-content\/uploads\/2024\/10\/Ruta-Quenual-Turismo-Emprende-3-1024x576.jpg 1024w, https:\/\/www.topadrenaline.com\/es\/wp-content\/uploads\/2024\/10\/Ruta-Quenual-Turismo-Emprende-3-768x432.jpg 768w, https:\/\/www.topadrenaline.com\/es\/wp-content\/uploads\/2024\/10\/Ruta-Quenual-Turismo-Emprende-3.jpg 2000w\" sizes=\"(max-width: 900px) 100vw, 900px\" \/>\t\t\t\t\t\t\t\t\t\t\t<figcaption class=\"widget-image-caption wp-caption-text\">Ingreso al distrito de Shilla<\/figcaption>\n\t\t\t\t\t\t\t\t\t\t<\/figure>\n\t\t\t\t\t\t\t\t\t<\/div>\n\t\t\t\t<\/div>\n\t\t\t\t\t<\/div>\n\t\t<\/div>\n\t\t\t\t\t<\/div>\n\t\t<\/section>\n\t\t\t\t<\/div>\n\t\t","protected":false},"excerpt":{"rendered":"<p>Nuestro proyecto \u201cLa Ruta del quenual\u201d se basa en el ascenso en uno de los picos nevados de la cordillera blanca m\u00e1s accesible, llamado \u201cMateo\u201d ubicado en la Quebrada Ulta, pero con un concepto de concientizaci\u00f3n no s\u00f3lo ambiental si no tambi\u00e9n de incidencia cultural, en el cual el turista podr\u00e1 realizar diferentes actividades, lo [&hellip;]<\/p>\n","protected":false},"author":1,"featured_media":0,"parent":0,"menu_order":0,"comment_status":"closed","ping_status":"closed","template":"","meta":{"footnotes":""},"class_list":["post-2775","page","type-page","status-publish","hentry"],"_links":{"self":[{"href":"https:\/\/www.topadrenaline.com\/es\/wp-json\/wp\/v2\/pages\/2775","targetHints":{"allow":["GET"]}}],"collection":[{"href":"https:\/\/www.topadrenaline.com\/es\/wp-json\/wp\/v2\/pages"}],"about":[{"href":"https:\/\/www.topadrenaline.com\/es\/wp-json\/wp\/v2\/types\/page"}],"author":[{"embeddable":true,"href":"https:\/\/www.topadrenaline.com\/es\/wp-json\/wp\/v2\/users\/1"}],"replies":[{"embeddable":true,"href":"https:\/\/www.topadrenaline.com\/es\/wp-json\/wp\/v2\/comments?post=2775"}],"version-history":[{"count":0,"href":"https:\/\/www.topadrenaline.com\/es\/wp-json\/wp\/v2\/pages\/2775\/revisions"}],"wp:attachment":[{"href":"https:\/\/www.topadrenaline.com\/es\/wp-json\/wp\/v2\/media?parent=2775"}],"curies":[{"name":"wp","href":"https:\/\/api.w.org\/{rel}","templated":true}]}}